{"id":18708,"date":"2024-08-12T12:44:15","date_gmt":"2024-08-12T12:44:15","guid":{"rendered":"https:\/\/kuwaitpos.com\/?post_type=product&#038;p=18708"},"modified":"2025-02-04T13:28:19","modified_gmt":"2025-02-04T13:28:19","slug":"hikvision-5-port-fast-ethernet-unmanaged-desktop-switch","status":"publish","type":"product","link":"https:\/\/kuwaitpos.com\/ar\/product\/hikvision-5-port-fast-ethernet-unmanaged-desktop-switch\/","title":{"rendered":"\u0645\u0641\u062a\u0627\u062d \u0633\u0637\u062d \u0645\u0643\u062a\u0628 \u063a\u064a\u0631 \u0645\u064f\u062f\u0627\u0631 \u0645\u0646 Hikvision \u0628\u062e\u0645\u0633\u0629 \u0645\u0646\u0627\u0641\u0630 Ethernet \u0633\u0631\u064a\u0639\u0629"},"content":{"rendered":"<p>Port Number: 5<\/p>\n<p>Port Type: 10\/100 Mbps RJ45 ports<\/p>\n<p>Standard: IEEE 802.3, IEEE 802.3u, IEEE 802.3x<\/p>\n<p>Forwarding Mode: Store and forward<\/p>\n<p>MAC Address Table: 1K<\/p>\n<p>Switching Capacity: 1 Gbps<\/p>\n<p>Packet Forwarding Rate: 0.744 Mpps<\/p>\n<p>\u0639\u0627\u0645<\/p>\n<p>\u0627\u0644\u063a\u0644\u0627\u0641: ABS<\/p>\n<p>Net Weight: 0.025 kg<\/p>\n<p>Dimension (L \u00d7 H \u00d7 D): 82 \u00d7 52 \u00d7 22.4 mm<\/p>\n<p>Operating Temperature: 0\u00b0C~40\u00b0C<\/p>\n<p>Storage Temperature: -40\u00b0C~70\u00b0C<\/p>\n<p>\u0631\u0637\u0648\u0628\u0629 \u0627\u0644\u062a\u0634\u063a\u064a\u0644: 10%~90% \u0631\u0637\u0648\u0628\u0629 \u0646\u0633\u0628\u064a\u0629 \u063a\u064a\u0631 \u0645\u062a\u0643\u062b\u0641\u0629<\/p>\n<p>\u0631\u0637\u0648\u0628\u0629 \u0627\u0644\u062a\u062e\u0632\u064a\u0646: 5%~90% \u0631\u0637\u0648\u0628\u0629 \u0646\u0633\u0628\u064a\u0629 \u063a\u064a\u0631 \u0645\u062a\u0643\u062b\u0641\u0629<\/p>\n<p>Power Supply: 5 V DC, 0.6 A<\/p>","protected":false},"excerpt":{"rendered":"<p>Port Number: 5 Port Type: 10\/100 Mbps RJ45 ports Standard: IEEE 802.3, IEEE 802.3u, IEEE 802.3x Forwarding Mode: Store and<\/p>","protected":false},"featured_media":18709,"comment_status":"open","ping_status":"closed","template":"","meta":{"mstoreapp_likes":0},"product_brand":[],"product_cat":[1213],"product_tag":[522],"class_list":{"0":"post-18708","1":"product","2":"type-product","3":"status-publish","4":"has-post-thumbnail","6":"product_cat-smart-devices-electronic-devices-accessories","7":"product_tag-hikvision","9":"first","10":"instock","11":"sale","12":"shipping-taxable","13":"purchasable","14":"product-type-simple"},"yoast_head":"<!-- This site is optimized with the Yoast SEO plugin v26.9 - https:\/\/yoast.com\/product\/yoast-seo-wordpress\/ -->\n<title>Hikvision 5 Port Fast Ethernet Unmanaged Desktop Switch - Kuwait POS<\/title>\n<meta name=\"robots\" content=\"index, follow, max-snippet:-1, max-image-preview:large, max-video-preview:-1\" \/>\n<link rel=\"canonical\" href=\"https:\/\/kuwaitpos.com\/ar\/product\/hikvision-5-port-fast-ethernet-unmanaged-desktop-switch\/\" \/>\n<meta property=\"og:locale\" content=\"ar_AR\" \/>\n<meta property=\"og:type\" content=\"article\" \/>\n<meta property=\"og:title\" content=\"Hikvision 5 Port Fast Ethernet Unmanaged Desktop Switch - Kuwait POS\" \/>\n<meta property=\"og:description\" content=\"Port Number: 5 Port Type: 10\/100 Mbps RJ45 ports Standard: IEEE 802.3, IEEE 802.3u, IEEE 802.3x Forwarding Mode: Store and\" \/>\n<meta property=\"og:url\" content=\"https:\/\/kuwaitpos.com\/ar\/product\/hikvision-5-port-fast-ethernet-unmanaged-desktop-switch\/\" \/>\n<meta property=\"og:site_name\" content=\"Kuwait POS\" \/>\n<meta property=\"article:publisher\" content=\"https:\/\/www.facebook.com\/Poskuwait\/\" \/>\n<meta property=\"article:modified_time\" content=\"2025-02-04T13:28:19+00:00\" \/>\n<meta property=\"og:image\" content=\"http:\/\/kuwaitpos.com\/wp-content\/uploads\/2024\/08\/DS-3E0105D-E-1.webp\" \/>\n\t<meta property=\"og:image:width\" content=\"800\" \/>\n\t<meta property=\"og:image:height\" content=\"800\" \/>\n\t<meta property=\"og:image:type\" content=\"image\/webp\" \/>\n<meta name=\"twitter:card\" content=\"summary_large_image\" \/>\n<meta name=\"twitter:label1\" content=\"\u0648\u0642\u062a \u0627\u0644\u0642\u0631\u0627\u0621\u0629 \u0627\u0644\u0645\u064f\u0642\u062f\u0651\u0631\" \/>\n\t<meta name=\"twitter:data1\" content=\"\u062f\u0642\u064a\u0642\u0629 \u0648\u0627\u062d\u062f\u0629\" \/>\n<script type=\"application\/ld+json\" class=\"yoast-schema-graph\">{\"@context\":\"https:\/\/schema.org\",\"@graph\":[{\"@type\":\"WebPage\",\"@id\":\"https:\/\/kuwaitpos.com\/product\/hikvision-5-port-fast-ethernet-unmanaged-desktop-switch\/\",\"url\":\"https:\/\/kuwaitpos.com\/product\/hikvision-5-port-fast-ethernet-unmanaged-desktop-switch\/\",\"name\":\"Hikvision 5 Port Fast Ethernet Unmanaged Desktop Switch - Kuwait POS\",\"isPartOf\":{\"@id\":\"https:\/\/kuwaitpos.com\/#website\"},\"primaryImageOfPage\":{\"@id\":\"https:\/\/kuwaitpos.com\/product\/hikvision-5-port-fast-ethernet-unmanaged-desktop-switch\/#primaryimage\"},\"image\":{\"@id\":\"https:\/\/kuwaitpos.com\/product\/hikvision-5-port-fast-ethernet-unmanaged-desktop-switch\/#primaryimage\"},\"thumbnailUrl\":\"https:\/\/i0.wp.com\/kuwaitpos.com\/wp-content\/uploads\/2024\/08\/DS-3E0105D-E-1.webp?fit=800%2C800&ssl=1\",\"datePublished\":\"2024-08-12T12:44:15+00:00\",\"dateModified\":\"2025-02-04T13:28:19+00:00\",\"breadcrumb\":{\"@id\":\"https:\/\/kuwaitpos.com\/product\/hikvision-5-port-fast-ethernet-unmanaged-desktop-switch\/#breadcrumb\"},\"inLanguage\":\"ar\",\"potentialAction\":[{\"@type\":\"ReadAction\",\"target\":[\"https:\/\/kuwaitpos.com\/product\/hikvision-5-port-fast-ethernet-unmanaged-desktop-switch\/\"]}]},{\"@type\":\"ImageObject\",\"inLanguage\":\"ar\",\"@id\":\"https:\/\/kuwaitpos.com\/product\/hikvision-5-port-fast-ethernet-unmanaged-desktop-switch\/#primaryimage\",\"url\":\"https:\/\/i0.wp.com\/kuwaitpos.com\/wp-content\/uploads\/2024\/08\/DS-3E0105D-E-1.webp?fit=800%2C800&ssl=1\",\"contentUrl\":\"https:\/\/i0.wp.com\/kuwaitpos.com\/wp-content\/uploads\/2024\/08\/DS-3E0105D-E-1.webp?fit=800%2C800&ssl=1\",\"width\":800,\"height\":800},{\"@type\":\"BreadcrumbList\",\"@id\":\"https:\/\/kuwaitpos.com\/product\/hikvision-5-port-fast-ethernet-unmanaged-desktop-switch\/#breadcrumb\",\"itemListElement\":[{\"@type\":\"ListItem\",\"position\":1,\"name\":\"Home\",\"item\":\"https:\/\/kuwaitpos.com\/\"},{\"@type\":\"ListItem\",\"position\":2,\"name\":\"Shop\",\"item\":\"https:\/\/kuwaitpos.com\/?page_id=9921\"},{\"@type\":\"ListItem\",\"position\":3,\"name\":\"Hikvision 5 Port Fast Ethernet Unmanaged Desktop Switch\"}]},{\"@type\":\"WebSite\",\"@id\":\"https:\/\/kuwaitpos.com\/#website\",\"url\":\"https:\/\/kuwaitpos.com\/\",\"name\":\"Kuwait POS\",\"description\":\"Kuwait Point Of Sale  POS Systems and Software\",\"publisher\":{\"@id\":\"https:\/\/kuwaitpos.com\/#organization\"},\"potentialAction\":[{\"@type\":\"SearchAction\",\"target\":{\"@type\":\"EntryPoint\",\"urlTemplate\":\"https:\/\/kuwaitpos.com\/?s={search_term_string}\"},\"query-input\":{\"@type\":\"PropertyValueSpecification\",\"valueRequired\":true,\"valueName\":\"search_term_string\"}}],\"inLanguage\":\"ar\"},{\"@type\":\"Organization\",\"@id\":\"https:\/\/kuwaitpos.com\/#organization\",\"name\":\"Kuwait POS\",\"url\":\"https:\/\/kuwaitpos.com\/\",\"logo\":{\"@type\":\"ImageObject\",\"inLanguage\":\"ar\",\"@id\":\"https:\/\/kuwaitpos.com\/#\/schema\/logo\/image\/\",\"url\":\"http:\/\/kuwaitpos.com\/wp-content\/uploads\/2024\/02\/KPOS-Logo.png\",\"contentUrl\":\"http:\/\/kuwaitpos.com\/wp-content\/uploads\/2024\/02\/KPOS-Logo.png\",\"width\":400,\"height\":114,\"caption\":\"Kuwait POS\"},\"image\":{\"@id\":\"https:\/\/kuwaitpos.com\/#\/schema\/logo\/image\/\"},\"sameAs\":[\"https:\/\/www.facebook.com\/Poskuwait\/\",\"https:\/\/www.instagram.com\/pos_in_kuwait\/\"]}]}<\/script>\n<!-- \/ Yoast SEO plugin. -->","yoast_head_json":{"title":"Hikvision 5 Port Fast Ethernet Unmanaged Desktop Switch - Kuwait POS","robots":{"index":"index","follow":"follow","max-snippet":"max-snippet:-1","max-image-preview":"max-image-preview:large","max-video-preview":"max-video-preview:-1"},"canonical":"https:\/\/kuwaitpos.com\/ar\/product\/hikvision-5-port-fast-ethernet-unmanaged-desktop-switch\/","og_locale":"ar_AR","og_type":"article","og_title":"Hikvision 5 Port Fast Ethernet Unmanaged Desktop Switch - Kuwait POS","og_description":"Port Number: 5 Port Type: 10\/100 Mbps RJ45 ports Standard: IEEE 802.3, IEEE 802.3u, IEEE 802.3x Forwarding Mode: Store and","og_url":"https:\/\/kuwaitpos.com\/ar\/product\/hikvision-5-port-fast-ethernet-unmanaged-desktop-switch\/","og_site_name":"Kuwait POS","article_publisher":"https:\/\/www.facebook.com\/Poskuwait\/","article_modified_time":"2025-02-04T13:28:19+00:00","og_image":[{"width":800,"height":800,"url":"http:\/\/kuwaitpos.com\/wp-content\/uploads\/2024\/08\/DS-3E0105D-E-1.webp","type":"image\/webp"}],"twitter_card":"summary_large_image","twitter_misc":{"\u0648\u0642\u062a \u0627\u0644\u0642\u0631\u0627\u0621\u0629 \u0627\u0644\u0645\u064f\u0642\u062f\u0651\u0631":"\u062f\u0642\u064a\u0642\u0629 \u0648\u0627\u062d\u062f\u0629"},"schema":{"@context":"https:\/\/schema.org","@graph":[{"@type":"WebPage","@id":"https:\/\/kuwaitpos.com\/product\/hikvision-5-port-fast-ethernet-unmanaged-desktop-switch\/","url":"https:\/\/kuwaitpos.com\/product\/hikvision-5-port-fast-ethernet-unmanaged-desktop-switch\/","name":"Hikvision 5 Port Fast Ethernet Unmanaged Desktop Switch - Kuwait POS","isPartOf":{"@id":"https:\/\/kuwaitpos.com\/#website"},"primaryImageOfPage":{"@id":"https:\/\/kuwaitpos.com\/product\/hikvision-5-port-fast-ethernet-unmanaged-desktop-switch\/#primaryimage"},"image":{"@id":"https:\/\/kuwaitpos.com\/product\/hikvision-5-port-fast-ethernet-unmanaged-desktop-switch\/#primaryimage"},"thumbnailUrl":"https:\/\/i0.wp.com\/kuwaitpos.com\/wp-content\/uploads\/2024\/08\/DS-3E0105D-E-1.webp?fit=800%2C800&ssl=1","datePublished":"2024-08-12T12:44:15+00:00","dateModified":"2025-02-04T13:28:19+00:00","breadcrumb":{"@id":"https:\/\/kuwaitpos.com\/product\/hikvision-5-port-fast-ethernet-unmanaged-desktop-switch\/#breadcrumb"},"inLanguage":"ar","potentialAction":[{"@type":"ReadAction","target":["https:\/\/kuwaitpos.com\/product\/hikvision-5-port-fast-ethernet-unmanaged-desktop-switch\/"]}]},{"@type":"ImageObject","inLanguage":"ar","@id":"https:\/\/kuwaitpos.com\/product\/hikvision-5-port-fast-ethernet-unmanaged-desktop-switch\/#primaryimage","url":"https:\/\/i0.wp.com\/kuwaitpos.com\/wp-content\/uploads\/2024\/08\/DS-3E0105D-E-1.webp?fit=800%2C800&ssl=1","contentUrl":"https:\/\/i0.wp.com\/kuwaitpos.com\/wp-content\/uploads\/2024\/08\/DS-3E0105D-E-1.webp?fit=800%2C800&ssl=1","width":800,"height":800},{"@type":"BreadcrumbList","@id":"https:\/\/kuwaitpos.com\/product\/hikvision-5-port-fast-ethernet-unmanaged-desktop-switch\/#breadcrumb","itemListElement":[{"@type":"ListItem","position":1,"name":"Home","item":"https:\/\/kuwaitpos.com\/"},{"@type":"ListItem","position":2,"name":"Shop","item":"https:\/\/kuwaitpos.com\/?page_id=9921"},{"@type":"ListItem","position":3,"name":"Hikvision 5 Port Fast Ethernet Unmanaged Desktop Switch"}]},{"@type":"WebSite","@id":"https:\/\/kuwaitpos.com\/#website","url":"https:\/\/kuwaitpos.com\/","name":"\u0646\u0642\u0627\u0637 \u0627\u0644\u0628\u064a\u0639 \u0641\u064a \u0627\u0644\u0643\u0648\u064a\u062a","description":"Kuwait Point Of Sale  POS Systems and Software","publisher":{"@id":"https:\/\/kuwaitpos.com\/#organization"},"potentialAction":[{"@type":"SearchAction","target":{"@type":"EntryPoint","urlTemplate":"https:\/\/kuwaitpos.com\/?s={search_term_string}"},"query-input":{"@type":"PropertyValueSpecification","valueRequired":true,"valueName":"search_term_string"}}],"inLanguage":"ar"},{"@type":"Organization","@id":"https:\/\/kuwaitpos.com\/#organization","name":"\u0646\u0642\u0627\u0637 \u0627\u0644\u0628\u064a\u0639 \u0641\u064a \u0627\u0644\u0643\u0648\u064a\u062a","url":"https:\/\/kuwaitpos.com\/","logo":{"@type":"ImageObject","inLanguage":"ar","@id":"https:\/\/kuwaitpos.com\/#\/schema\/logo\/image\/","url":"http:\/\/kuwaitpos.com\/wp-content\/uploads\/2024\/02\/KPOS-Logo.png","contentUrl":"http:\/\/kuwaitpos.com\/wp-content\/uploads\/2024\/02\/KPOS-Logo.png","width":400,"height":114,"caption":"Kuwait POS"},"image":{"@id":"https:\/\/kuwaitpos.com\/#\/schema\/logo\/image\/"},"sameAs":["https:\/\/www.facebook.com\/Poskuwait\/","https:\/\/www.instagram.com\/pos_in_kuwait\/"]}]}},"jetpack_sharing_enabled":true,"_links":{"self":[{"href":"https:\/\/kuwaitpos.com\/ar\/wp-json\/wp\/v2\/product\/18708","targetHints":{"allow":["GET"]}}],"collection":[{"href":"https:\/\/kuwaitpos.com\/ar\/wp-json\/wp\/v2\/product"}],"about":[{"href":"https:\/\/kuwaitpos.com\/ar\/wp-json\/wp\/v2\/types\/product"}],"replies":[{"embeddable":true,"href":"https:\/\/kuwaitpos.com\/ar\/wp-json\/wp\/v2\/comments?post=18708"}],"version-history":[{"count":1,"href":"https:\/\/kuwaitpos.com\/ar\/wp-json\/wp\/v2\/product\/18708\/revisions"}],"predecessor-version":[{"id":18713,"href":"https:\/\/kuwaitpos.com\/ar\/wp-json\/wp\/v2\/product\/18708\/revisions\/18713"}],"wp:featuredmedia":[{"embeddable":true,"href":"https:\/\/kuwaitpos.com\/ar\/wp-json\/wp\/v2\/media\/18709"}],"wp:attachment":[{"href":"https:\/\/kuwaitpos.com\/ar\/wp-json\/wp\/v2\/media?parent=18708"}],"wp:term":[{"taxonomy":"product_brand","embeddable":true,"href":"https:\/\/kuwaitpos.com\/ar\/wp-json\/wp\/v2\/product_brand?post=18708"},{"taxonomy":"product_cat","embeddable":true,"href":"https:\/\/kuwaitpos.com\/ar\/wp-json\/wp\/v2\/product_cat?post=18708"},{"taxonomy":"product_tag","embeddable":true,"href":"https:\/\/kuwaitpos.com\/ar\/wp-json\/wp\/v2\/product_tag?post=18708"}],"curies":[{"name":"wp","href":"https:\/\/api.w.org\/{rel}","templated":true}]}}