{"id":17660,"date":"2024-08-08T12:01:13","date_gmt":"2024-08-08T12:01:13","guid":{"rendered":"https:\/\/kuwaitpos.com\/?post_type=product&#038;p=17660"},"modified":"2025-02-04T13:27:12","modified_gmt":"2025-02-04T13:27:12","slug":"tp-link-deco-xe75-pro-axe5400-tri-band-mesh-wi-fi-6e-system-6ghz-2402-mbps-gigabit-wan-gigabit-lan-1-pack","status":"publish","type":"product","link":"https:\/\/kuwaitpos.com\/ar\/product\/tp-link-deco-xe75-pro-axe5400-tri-band-mesh-wi-fi-6e-system-6ghz-2402-mbps-gigabit-wan-gigabit-lan-1-pack\/","title":{"rendered":"\u0646\u0638\u0627\u0645 Wi-Fi 6E \u062b\u0644\u0627\u062b\u064a \u0627\u0644\u0646\u0637\u0627\u0642 \u0645\u0646 TP-Link Deco XE75 Pro (AXE5400) - 6 \u062c\u064a\u062c\u0627\u0647\u0631\u062a\u0632 (2402 \u0645\u064a\u062c\u0627\u0628\u062a \u0641\u064a \u0627\u0644\u062b\u0627\u0646\u064a\u0629) \/ \u0634\u0628\u0643\u0629 WAN \u062c\u064a\u062c\u0627\u0628\u062a \/ \u0634\u0628\u0643\u0629 LAN \u062c\u064a\u062c\u0627\u0628\u062a (\u0639\u0628\u0648\u0629 \u0648\u0627\u062d\u062f\u0629)"},"content":{"rendered":"<table style=\"height: 1567px\" width=\"933\">\n<tbody>\n<tr>\n<td width=\"134\">\u0645\u0627\u0631\u0643\u0629<\/td>\n<td width=\"163\">\u062a\u064a \u0628\u064a \u0644\u064a\u0646\u0643<\/td>\n<\/tr>\n<tr>\n<td>\u0646\u0645\u0648\u0630\u062c<\/td>\n<td>AXE5400 Tri-Band Mesh Wi-Fi 6E System<\/td>\n<\/tr>\n<tr>\n<td>\u0646\u0648\u0639 \u0627\u0644\u062c\u0647\u0627\u0632<\/td>\n<td>Tri-Band Mesh Wi-Fi 6E System<\/td>\n<\/tr>\n<tr>\n<td>\u0627\u0644\u0645\u0639\u0627\u064a\u064a\u0631<\/td>\n<td>IEEE 802.11ax 6 GHz, IEEE 802.11ax\/ac\/n\/a 5 GHz, IEEE 802.11ax\/n\/b\/g 2.4 GHz<\/td>\n<\/tr>\n<tr>\n<td>Protocols<\/td>\n<td>IPv4, IPv6<\/td>\n<\/tr>\n<tr>\n<td>WiFi Speeds<\/td>\n<td>6 GHz: 2402 Mbps (802.11ax, HE160), 5 GHz: 2402 Mbps (802.11ax, HE160), 2.4 GHz: 574 Mbps (802.11ax)<\/td>\n<\/tr>\n<tr>\n<td>WiFi Capacity<\/td>\n<td>Tri-Band, 2\u00d72 MU-MIMO, OFDMA, 6 Streams<\/td>\n<\/tr>\n<tr>\n<td>Working Modes<\/td>\n<td>Router Mode, Access Point Mode<\/td>\n<\/tr>\n<tr>\n<td>\u0632\u0631<\/td>\n<td>Reset Button<\/td>\n<\/tr>\n<tr>\n<td>Ethernet Ports<\/td>\n<td>1\u00d7 2.5 Gbps Port + 2\u00d7 Gigabit Ports<\/td>\n<\/tr>\n<tr>\n<td>WiFi Encryption<\/td>\n<td>WPA-Personal, WPA2-Personal, WPA3-Personal<\/td>\n<\/tr>\n<tr>\n<td>Network Security<\/td>\n<td>SPI Firewall, Access Control<\/td>\n<\/tr>\n<tr>\n<td>Guest Network<\/td>\n<td>1\u00d7 6 GHz Guest Network, 1\u00d7 5 GHz Guest Network, 1\u00d7 2.4 GHz Guest Network<\/td>\n<\/tr>\n<tr>\n<td>WAN Types<\/td>\n<td>Dynamic IP, Static IP, PPPoE, PPTP, L2TP<\/td>\n<\/tr>\n<tr>\n<td>Cloud Service<\/td>\n<td>OTA Firmware Upgrade, TP-Link ID, DDNS<\/td>\n<\/tr>\n<tr>\n<td>NAT Forwarding<\/td>\n<td>Port Forwarding, UPnP<\/td>\n<\/tr>\n<tr>\n<td>\u0627\u064a \u0628\u064a \u062a\u064a \u0641\u064a<\/td>\n<td>IGMP Proxy, IGMP Snooping, Bridge, Tag VLAN<\/td>\n<\/tr>\n<tr>\n<td>DHCP<\/td>\n<td>Address Reservation, DHCP Client List, Server<\/td>\n<\/tr>\n<tr>\n<td>DDNS<\/td>\n<td>\u062a\u064a \u0628\u064a \u0644\u064a\u0646\u0643<\/td>\n<\/tr>\n<tr>\n<td>Management<\/td>\n<td>Deco App<\/td>\n<\/tr>\n<tr>\n<td>Operating Temperature<\/td>\n<td>0\u00b0C~40\u00b0C (32 \u00b0F~104 \u00b0F)<\/td>\n<\/tr>\n<tr>\n<td>Storage Temperature<\/td>\n<td>-40\u00b0C~60\u00b0C (-40 \u00b0F~140 \u00b0F)<\/td>\n<\/tr>\n<tr>\n<td>Operating Humidity<\/td>\n<td>10%~90% RH<\/td>\n<\/tr>\n<tr>\n<td>Storage Humidity<\/td>\n<td>5%~90% RH<\/td>\n<\/tr>\n<tr>\n<td>\u0623\u0628\u0639\u0627\u062f<\/td>\n<td>105 \u00d7 105 \u00d7 169 mm<\/td>\n<\/tr>\n<\/tbody>\n<\/table>","protected":false},"excerpt":{"rendered":"<section id=\"shopify-section-template--15788682412238__main\" class=\"shopify-section section\">\n<section id=\"MainProduct-template--15788682412238__main\" data-section=\"template--15788682412238__main\" data-product-handle=\"tp-link-deco-xe75-pro-axe5400-tri-band-mesh-wi-fi-6e-system-6ghz-2402-mbps-gigabit-wan-gigabit-lan-1-pack\">\n<section class=\"top-spacing-medium page-wide product-page-section\">\n<div class=\"grid\">\n<div class=\"col-sp-12 col-st-6 product__right-column col-6 mobile-text-left\">\n<div id=\"ProductInfo-template--15788682412238__main\" class=\"mt--first-child-0 product__right-column-sticky\">\n<div class=\"short-desc\">\n<ul>\n<li>Product Type : Tri-Band Mesh Wi-Fi 6E System<\/li>\n<li>Frequency Band : 6GHz<\/li>\n<li>WiFi Speeds : 2402 Mbps<\/li>\n<li>Interface : LAN \/ WAN<\/li>\n<\/ul>\n<\/div>\n<\/div>\n<\/div>\n<\/div>\n<\/section>\n<\/section>\n<\/section>\n<p>&nbsp;<\/p>\n<p>&nbsp;<\/p>\n<p>&nbsp;<\/p>","protected":false},"featured_media":17661,"comment_status":"open","ping_status":"closed","template":"","meta":{"mstoreapp_likes":0},"product_brand":[],"product_cat":[1213],"product_tag":[428],"class_list":{"0":"post-17660","1":"product","2":"type-product","3":"status-publish","4":"has-post-thumbnail","6":"product_cat-smart-devices-electronic-devices-accessories","7":"product_tag-tp-link","9":"first","10":"instock","11":"sale","12":"shipping-taxable","13":"purchasable","14":"product-type-simple"},"yoast_head":"<!-- This site is optimized with the Yoast SEO plugin v26.9 - https:\/\/yoast.com\/product\/yoast-seo-wordpress\/ -->\n<title>TP-Link Deco XE75 Pro (AXE5400) Tri-Band Mesh Wi-Fi 6E System - 6GHz (2402 Mbps) \/ Gigabit WAN \/ Gigabit LAN (1-Pack) - Kuwait POS<\/title>\n<meta name=\"robots\" content=\"index, follow, max-snippet:-1, max-image-preview:large, max-video-preview:-1\" \/>\n<link rel=\"canonical\" href=\"https:\/\/kuwaitpos.com\/ar\/product\/tp-link-deco-xe75-pro-axe5400-tri-band-mesh-wi-fi-6e-system-6ghz-2402-mbps-gigabit-wan-gigabit-lan-1-pack\/\" \/>\n<meta property=\"og:locale\" content=\"ar_AR\" \/>\n<meta property=\"og:type\" content=\"article\" \/>\n<meta property=\"og:title\" content=\"TP-Link Deco XE75 Pro (AXE5400) Tri-Band Mesh Wi-Fi 6E System - 6GHz (2402 Mbps) \/ Gigabit WAN \/ Gigabit LAN (1-Pack) - Kuwait POS\" \/>\n<meta property=\"og:description\" content=\"Product Type : Tri-Band Mesh Wi-Fi 6E System  Frequency Band : 6GHz  WiFi Speeds : 2402 Mbps  Interface : LAN \/ WAN      &nbsp;  &nbsp;  &nbsp;\" \/>\n<meta property=\"og:url\" content=\"https:\/\/kuwaitpos.com\/ar\/product\/tp-link-deco-xe75-pro-axe5400-tri-band-mesh-wi-fi-6e-system-6ghz-2402-mbps-gigabit-wan-gigabit-lan-1-pack\/\" \/>\n<meta property=\"og:site_name\" content=\"Kuwait POS\" \/>\n<meta property=\"article:publisher\" content=\"https:\/\/www.facebook.com\/Poskuwait\/\" \/>\n<meta property=\"article:modified_time\" content=\"2025-02-04T13:27:12+00:00\" \/>\n<meta property=\"og:image\" content=\"http:\/\/kuwaitpos.com\/wp-content\/uploads\/2024\/08\/overview_02_normal_20220621024938h-2-1.jpg\" \/>\n\t<meta property=\"og:image:width\" content=\"1000\" \/>\n\t<meta property=\"og:image:height\" content=\"1000\" \/>\n\t<meta property=\"og:image:type\" content=\"image\/jpeg\" \/>\n<meta name=\"twitter:card\" content=\"summary_large_image\" \/>\n<meta name=\"twitter:label1\" content=\"\u0648\u0642\u062a \u0627\u0644\u0642\u0631\u0627\u0621\u0629 \u0627\u0644\u0645\u064f\u0642\u062f\u0651\u0631\" \/>\n\t<meta name=\"twitter:data1\" content=\"\u062f\u0642\u064a\u0642\u0629 \u0648\u0627\u062d\u062f\u0629\" \/>\n<script type=\"application\/ld+json\" class=\"yoast-schema-graph\">{\"@context\":\"https:\/\/schema.org\",\"@graph\":[{\"@type\":\"WebPage\",\"@id\":\"https:\/\/kuwaitpos.com\/product\/tp-link-deco-xe75-pro-axe5400-tri-band-mesh-wi-fi-6e-system-6ghz-2402-mbps-gigabit-wan-gigabit-lan-1-pack\/\",\"url\":\"https:\/\/kuwaitpos.com\/product\/tp-link-deco-xe75-pro-axe5400-tri-band-mesh-wi-fi-6e-system-6ghz-2402-mbps-gigabit-wan-gigabit-lan-1-pack\/\",\"name\":\"TP-Link Deco XE75 Pro (AXE5400) Tri-Band Mesh Wi-Fi 6E System - 6GHz (2402 Mbps) \/ Gigabit WAN \/ Gigabit LAN (1-Pack) - Kuwait POS\",\"isPartOf\":{\"@id\":\"https:\/\/kuwaitpos.com\/#website\"},\"primaryImageOfPage\":{\"@id\":\"https:\/\/kuwaitpos.com\/product\/tp-link-deco-xe75-pro-axe5400-tri-band-mesh-wi-fi-6e-system-6ghz-2402-mbps-gigabit-wan-gigabit-lan-1-pack\/#primaryimage\"},\"image\":{\"@id\":\"https:\/\/kuwaitpos.com\/product\/tp-link-deco-xe75-pro-axe5400-tri-band-mesh-wi-fi-6e-system-6ghz-2402-mbps-gigabit-wan-gigabit-lan-1-pack\/#primaryimage\"},\"thumbnailUrl\":\"https:\/\/i0.wp.com\/kuwaitpos.com\/wp-content\/uploads\/2024\/08\/overview_02_normal_20220621024938h-2-1.jpg?fit=1000%2C1000&ssl=1\",\"datePublished\":\"2024-08-08T12:01:13+00:00\",\"dateModified\":\"2025-02-04T13:27:12+00:00\",\"breadcrumb\":{\"@id\":\"https:\/\/kuwaitpos.com\/product\/tp-link-deco-xe75-pro-axe5400-tri-band-mesh-wi-fi-6e-system-6ghz-2402-mbps-gigabit-wan-gigabit-lan-1-pack\/#breadcrumb\"},\"inLanguage\":\"ar\",\"potentialAction\":[{\"@type\":\"ReadAction\",\"target\":[\"https:\/\/kuwaitpos.com\/product\/tp-link-deco-xe75-pro-axe5400-tri-band-mesh-wi-fi-6e-system-6ghz-2402-mbps-gigabit-wan-gigabit-lan-1-pack\/\"]}]},{\"@type\":\"ImageObject\",\"inLanguage\":\"ar\",\"@id\":\"https:\/\/kuwaitpos.com\/product\/tp-link-deco-xe75-pro-axe5400-tri-band-mesh-wi-fi-6e-system-6ghz-2402-mbps-gigabit-wan-gigabit-lan-1-pack\/#primaryimage\",\"url\":\"https:\/\/i0.wp.com\/kuwaitpos.com\/wp-content\/uploads\/2024\/08\/overview_02_normal_20220621024938h-2-1.jpg?fit=1000%2C1000&ssl=1\",\"contentUrl\":\"https:\/\/i0.wp.com\/kuwaitpos.com\/wp-content\/uploads\/2024\/08\/overview_02_normal_20220621024938h-2-1.jpg?fit=1000%2C1000&ssl=1\",\"width\":1000,\"height\":1000},{\"@type\":\"BreadcrumbList\",\"@id\":\"https:\/\/kuwaitpos.com\/product\/tp-link-deco-xe75-pro-axe5400-tri-band-mesh-wi-fi-6e-system-6ghz-2402-mbps-gigabit-wan-gigabit-lan-1-pack\/#breadcrumb\",\"itemListElement\":[{\"@type\":\"ListItem\",\"position\":1,\"name\":\"Home\",\"item\":\"https:\/\/kuwaitpos.com\/\"},{\"@type\":\"ListItem\",\"position\":2,\"name\":\"Shop\",\"item\":\"https:\/\/kuwaitpos.com\/?page_id=9921\"},{\"@type\":\"ListItem\",\"position\":3,\"name\":\"TP-Link Deco XE75 Pro (AXE5400) Tri-Band Mesh Wi-Fi 6E System &#8211; 6GHz (2402 Mbps) \/ Gigabit WAN \/ Gigabit LAN (1-Pack)\"}]},{\"@type\":\"WebSite\",\"@id\":\"https:\/\/kuwaitpos.com\/#website\",\"url\":\"https:\/\/kuwaitpos.com\/\",\"name\":\"Kuwait POS\",\"description\":\"Kuwait Point Of Sale  POS Systems and Software\",\"publisher\":{\"@id\":\"https:\/\/kuwaitpos.com\/#organization\"},\"potentialAction\":[{\"@type\":\"SearchAction\",\"target\":{\"@type\":\"EntryPoint\",\"urlTemplate\":\"https:\/\/kuwaitpos.com\/?s={search_term_string}\"},\"query-input\":{\"@type\":\"PropertyValueSpecification\",\"valueRequired\":true,\"valueName\":\"search_term_string\"}}],\"inLanguage\":\"ar\"},{\"@type\":\"Organization\",\"@id\":\"https:\/\/kuwaitpos.com\/#organization\",\"name\":\"Kuwait POS\",\"url\":\"https:\/\/kuwaitpos.com\/\",\"logo\":{\"@type\":\"ImageObject\",\"inLanguage\":\"ar\",\"@id\":\"https:\/\/kuwaitpos.com\/#\/schema\/logo\/image\/\",\"url\":\"http:\/\/kuwaitpos.com\/wp-content\/uploads\/2024\/02\/KPOS-Logo.png\",\"contentUrl\":\"http:\/\/kuwaitpos.com\/wp-content\/uploads\/2024\/02\/KPOS-Logo.png\",\"width\":400,\"height\":114,\"caption\":\"Kuwait POS\"},\"image\":{\"@id\":\"https:\/\/kuwaitpos.com\/#\/schema\/logo\/image\/\"},\"sameAs\":[\"https:\/\/www.facebook.com\/Poskuwait\/\",\"https:\/\/www.instagram.com\/pos_in_kuwait\/\"]}]}<\/script>\n<!-- \/ Yoast SEO plugin. -->","yoast_head_json":{"title":"TP-Link Deco XE75 Pro (AXE5400) Tri-Band Mesh Wi-Fi 6E System - 6GHz (2402 Mbps) \/ Gigabit WAN \/ Gigabit LAN (1-Pack) - Kuwait POS","robots":{"index":"index","follow":"follow","max-snippet":"max-snippet:-1","max-image-preview":"max-image-preview:large","max-video-preview":"max-video-preview:-1"},"canonical":"https:\/\/kuwaitpos.com\/ar\/product\/tp-link-deco-xe75-pro-axe5400-tri-band-mesh-wi-fi-6e-system-6ghz-2402-mbps-gigabit-wan-gigabit-lan-1-pack\/","og_locale":"ar_AR","og_type":"article","og_title":"TP-Link Deco XE75 Pro (AXE5400) Tri-Band Mesh Wi-Fi 6E System - 6GHz (2402 Mbps) \/ Gigabit WAN \/ Gigabit LAN (1-Pack) - Kuwait POS","og_description":"Product Type : Tri-Band Mesh Wi-Fi 6E System  Frequency Band : 6GHz  WiFi Speeds : 2402 Mbps  Interface : LAN \/ WAN      &nbsp;  &nbsp;  &nbsp;","og_url":"https:\/\/kuwaitpos.com\/ar\/product\/tp-link-deco-xe75-pro-axe5400-tri-band-mesh-wi-fi-6e-system-6ghz-2402-mbps-gigabit-wan-gigabit-lan-1-pack\/","og_site_name":"Kuwait POS","article_publisher":"https:\/\/www.facebook.com\/Poskuwait\/","article_modified_time":"2025-02-04T13:27:12+00:00","og_image":[{"width":1000,"height":1000,"url":"http:\/\/kuwaitpos.com\/wp-content\/uploads\/2024\/08\/overview_02_normal_20220621024938h-2-1.jpg","type":"image\/jpeg"}],"twitter_card":"summary_large_image","twitter_misc":{"\u0648\u0642\u062a \u0627\u0644\u0642\u0631\u0627\u0621\u0629 \u0627\u0644\u0645\u064f\u0642\u062f\u0651\u0631":"\u062f\u0642\u064a\u0642\u0629 \u0648\u0627\u062d\u062f\u0629"},"schema":{"@context":"https:\/\/schema.org","@graph":[{"@type":"WebPage","@id":"https:\/\/kuwaitpos.com\/product\/tp-link-deco-xe75-pro-axe5400-tri-band-mesh-wi-fi-6e-system-6ghz-2402-mbps-gigabit-wan-gigabit-lan-1-pack\/","url":"https:\/\/kuwaitpos.com\/product\/tp-link-deco-xe75-pro-axe5400-tri-band-mesh-wi-fi-6e-system-6ghz-2402-mbps-gigabit-wan-gigabit-lan-1-pack\/","name":"TP-Link Deco XE75 Pro (AXE5400) Tri-Band Mesh Wi-Fi 6E System - 6GHz (2402 Mbps) \/ Gigabit WAN \/ Gigabit LAN (1-Pack) - Kuwait POS","isPartOf":{"@id":"https:\/\/kuwaitpos.com\/#website"},"primaryImageOfPage":{"@id":"https:\/\/kuwaitpos.com\/product\/tp-link-deco-xe75-pro-axe5400-tri-band-mesh-wi-fi-6e-system-6ghz-2402-mbps-gigabit-wan-gigabit-lan-1-pack\/#primaryimage"},"image":{"@id":"https:\/\/kuwaitpos.com\/product\/tp-link-deco-xe75-pro-axe5400-tri-band-mesh-wi-fi-6e-system-6ghz-2402-mbps-gigabit-wan-gigabit-lan-1-pack\/#primaryimage"},"thumbnailUrl":"https:\/\/i0.wp.com\/kuwaitpos.com\/wp-content\/uploads\/2024\/08\/overview_02_normal_20220621024938h-2-1.jpg?fit=1000%2C1000&ssl=1","datePublished":"2024-08-08T12:01:13+00:00","dateModified":"2025-02-04T13:27:12+00:00","breadcrumb":{"@id":"https:\/\/kuwaitpos.com\/product\/tp-link-deco-xe75-pro-axe5400-tri-band-mesh-wi-fi-6e-system-6ghz-2402-mbps-gigabit-wan-gigabit-lan-1-pack\/#breadcrumb"},"inLanguage":"ar","potentialAction":[{"@type":"ReadAction","target":["https:\/\/kuwaitpos.com\/product\/tp-link-deco-xe75-pro-axe5400-tri-band-mesh-wi-fi-6e-system-6ghz-2402-mbps-gigabit-wan-gigabit-lan-1-pack\/"]}]},{"@type":"ImageObject","inLanguage":"ar","@id":"https:\/\/kuwaitpos.com\/product\/tp-link-deco-xe75-pro-axe5400-tri-band-mesh-wi-fi-6e-system-6ghz-2402-mbps-gigabit-wan-gigabit-lan-1-pack\/#primaryimage","url":"https:\/\/i0.wp.com\/kuwaitpos.com\/wp-content\/uploads\/2024\/08\/overview_02_normal_20220621024938h-2-1.jpg?fit=1000%2C1000&ssl=1","contentUrl":"https:\/\/i0.wp.com\/kuwaitpos.com\/wp-content\/uploads\/2024\/08\/overview_02_normal_20220621024938h-2-1.jpg?fit=1000%2C1000&ssl=1","width":1000,"height":1000},{"@type":"BreadcrumbList","@id":"https:\/\/kuwaitpos.com\/product\/tp-link-deco-xe75-pro-axe5400-tri-band-mesh-wi-fi-6e-system-6ghz-2402-mbps-gigabit-wan-gigabit-lan-1-pack\/#breadcrumb","itemListElement":[{"@type":"ListItem","position":1,"name":"Home","item":"https:\/\/kuwaitpos.com\/"},{"@type":"ListItem","position":2,"name":"Shop","item":"https:\/\/kuwaitpos.com\/?page_id=9921"},{"@type":"ListItem","position":3,"name":"TP-Link Deco XE75 Pro (AXE5400) Tri-Band Mesh Wi-Fi 6E System &#8211; 6GHz (2402 Mbps) \/ Gigabit WAN \/ Gigabit LAN (1-Pack)"}]},{"@type":"WebSite","@id":"https:\/\/kuwaitpos.com\/#website","url":"https:\/\/kuwaitpos.com\/","name":"\u0646\u0642\u0627\u0637 \u0627\u0644\u0628\u064a\u0639 \u0641\u064a \u0627\u0644\u0643\u0648\u064a\u062a","description":"Kuwait Point Of Sale  POS Systems and Software","publisher":{"@id":"https:\/\/kuwaitpos.com\/#organization"},"potentialAction":[{"@type":"SearchAction","target":{"@type":"EntryPoint","urlTemplate":"https:\/\/kuwaitpos.com\/?s={search_term_string}"},"query-input":{"@type":"PropertyValueSpecification","valueRequired":true,"valueName":"search_term_string"}}],"inLanguage":"ar"},{"@type":"Organization","@id":"https:\/\/kuwaitpos.com\/#organization","name":"\u0646\u0642\u0627\u0637 \u0627\u0644\u0628\u064a\u0639 \u0641\u064a \u0627\u0644\u0643\u0648\u064a\u062a","url":"https:\/\/kuwaitpos.com\/","logo":{"@type":"ImageObject","inLanguage":"ar","@id":"https:\/\/kuwaitpos.com\/#\/schema\/logo\/image\/","url":"http:\/\/kuwaitpos.com\/wp-content\/uploads\/2024\/02\/KPOS-Logo.png","contentUrl":"http:\/\/kuwaitpos.com\/wp-content\/uploads\/2024\/02\/KPOS-Logo.png","width":400,"height":114,"caption":"Kuwait POS"},"image":{"@id":"https:\/\/kuwaitpos.com\/#\/schema\/logo\/image\/"},"sameAs":["https:\/\/www.facebook.com\/Poskuwait\/","https:\/\/www.instagram.com\/pos_in_kuwait\/"]}]}},"jetpack_sharing_enabled":true,"_links":{"self":[{"href":"https:\/\/kuwaitpos.com\/ar\/wp-json\/wp\/v2\/product\/17660","targetHints":{"allow":["GET"]}}],"collection":[{"href":"https:\/\/kuwaitpos.com\/ar\/wp-json\/wp\/v2\/product"}],"about":[{"href":"https:\/\/kuwaitpos.com\/ar\/wp-json\/wp\/v2\/types\/product"}],"replies":[{"embeddable":true,"href":"https:\/\/kuwaitpos.com\/ar\/wp-json\/wp\/v2\/comments?post=17660"}],"version-history":[{"count":1,"href":"https:\/\/kuwaitpos.com\/ar\/wp-json\/wp\/v2\/product\/17660\/revisions"}],"predecessor-version":[{"id":17662,"href":"https:\/\/kuwaitpos.com\/ar\/wp-json\/wp\/v2\/product\/17660\/revisions\/17662"}],"wp:featuredmedia":[{"embeddable":true,"href":"https:\/\/kuwaitpos.com\/ar\/wp-json\/wp\/v2\/media\/17661"}],"wp:attachment":[{"href":"https:\/\/kuwaitpos.com\/ar\/wp-json\/wp\/v2\/media?parent=17660"}],"wp:term":[{"taxonomy":"product_brand","embeddable":true,"href":"https:\/\/kuwaitpos.com\/ar\/wp-json\/wp\/v2\/product_brand?post=17660"},{"taxonomy":"product_cat","embeddable":true,"href":"https:\/\/kuwaitpos.com\/ar\/wp-json\/wp\/v2\/product_cat?post=17660"},{"taxonomy":"product_tag","embeddable":true,"href":"https:\/\/kuwaitpos.com\/ar\/wp-json\/wp\/v2\/product_tag?post=17660"}],"curies":[{"name":"wp","href":"https:\/\/api.w.org\/{rel}","templated":true}]}}